{"id":286,"date":"2016-10-31T13:17:59","date_gmt":"2016-10-31T16:17:59","guid":{"rendered":"https:\/\/ens34-sfe.infd.edu.ar\/sitio\/?page_id=286"},"modified":"2024-11-25T18:42:50","modified_gmt":"2024-11-25T21:42:50","slug":"inicio","status":"publish","type":"page","link":"https:\/\/ens34-sfe.infd.edu.ar\/sitio\/","title":{"rendered":"Home Instituto"},"content":{"rendered":"<p><span class=\"OYPEnA font-feature-liga-off font-feature-clig-off font-feature-calt-off text-decoration-none text-strikethrough-none\">Una s\u00f3lida trayectoria con 145 a\u00f1os de labor educativa. <\/span><span class=\"OYPEnA font-feature-liga-off font-feature-clig-off font-feature-calt-off text-decoration-none text-strikethrough-none\">Desde sus or\u00edgenes hasta nuestros d\u00edas, su misi\u00f3n se orienta hacia el logro de dos objetivos prioritarios: <\/span><span class=\"OYPEnA font-feature-liga-off font-feature-clig-off font-feature-calt-off text-decoration-none text-strikethrough-none\">la formaci\u00f3n docente y la ense\u00f1anza intensiva de idiomas extranjeros.<\/span><\/p>\n<p><span class=\"OYPEnA font-feature-liga-off font-feature-clig-off font-feature-calt-off text-decoration-none text-strikethrough-none\">La formaci\u00f3n docente como finalidad definida de la Instituci\u00f3n, existe desde su creaci\u00f3n en 1879 y su Nivel Terciario la vive como un claro mandato fundacional.<\/span><\/p>\n<p>&nbsp;<\/p>\n<p><img decoding=\"async\" loading=\"lazy\" class=\"alignnone  wp-image-1496\" src=\"https:\/\/ens34-sfe.infd.edu.ar\/sitio\/wp-content\/uploads\/2024\/11\/width_490.jpg\" alt=\"Una s\u00f3lida trayectoria con 145 a\u00f1os de labor educativa Desde sus or\u00edgenes hasta nuestros d\u00edas, su misi\u00f3n se orienta hacia el logro de dos objetivos prioritarios: la formaci\u00f3n docente y la ense\u00f1anza intensiva de idiomas extranjeros. La formaci\u00f3n docente como finalidad definida de la Instituci\u00f3n, existe desde su creaci\u00f3n en 1879 y su Nivel Terciario la vive como un claro mandato fundacional.\" width=\"984\" height=\"542\" \/><\/p>\n","protected":false},"excerpt":{"rendered":"<p>Una s\u00f3lida trayectoria con 145 a\u00f1os de labor educativa. Desde sus or\u00edgenes hasta nuestros d\u00edas, su misi\u00f3n se orienta hacia el logro de dos objetivos prioritarios: la formaci\u00f3n docente y la ense\u00f1anza intensiva de idiomas extranjeros. La formaci\u00f3n docente como finalidad definida de la Instituci\u00f3n, existe desde su creaci\u00f3n en 1879 y su Nivel Terciario &#8230; <a title=\"Home Instituto\" class=\"read-more\" href=\"https:\/\/ens34-sfe.infd.edu.ar\/sitio\/\" aria-label=\"More on Home Instituto\">[+]<\/a><\/p>\n","protected":false},"author":1,"featured_media":0,"parent":0,"menu_order":0,"comment_status":"closed","ping_status":"closed","template":"","meta":[],"acf":[],"_links":{"self":[{"href":"https:\/\/ens34-sfe.infd.edu.ar\/sitio\/wp-json\/wp\/v2\/pages\/286"}],"collection":[{"href":"https:\/\/ens34-sfe.infd.edu.ar\/sitio\/wp-json\/wp\/v2\/pages"}],"about":[{"href":"https:\/\/ens34-sfe.infd.edu.ar\/sitio\/wp-json\/wp\/v2\/types\/page"}],"author":[{"embeddable":true,"href":"https:\/\/ens34-sfe.infd.edu.ar\/sitio\/wp-json\/wp\/v2\/users\/1"}],"replies":[{"embeddable":true,"href":"https:\/\/ens34-sfe.infd.edu.ar\/sitio\/wp-json\/wp\/v2\/comments?post=286"}],"version-history":[{"count":94,"href":"https:\/\/ens34-sfe.infd.edu.ar\/sitio\/wp-json\/wp\/v2\/pages\/286\/revisions"}],"predecessor-version":[{"id":1505,"href":"https:\/\/ens34-sfe.infd.edu.ar\/sitio\/wp-json\/wp\/v2\/pages\/286\/revisions\/1505"}],"wp:attachment":[{"href":"https:\/\/ens34-sfe.infd.edu.ar\/sitio\/wp-json\/wp\/v2\/media?parent=286"}],"curies":[{"name":"wp","href":"https:\/\/api.w.org\/{rel}","templated":true}]}}