{"id":1353,"date":"2021-05-28T14:31:16","date_gmt":"2021-05-28T17:31:16","guid":{"rendered":"https:\/\/ens34-sfe.infd.edu.ar\/sitio\/?page_id=1353"},"modified":"2026-02-20T20:35:01","modified_gmt":"2026-02-20T23:35:01","slug":"planes-de-estudios","status":"publish","type":"page","link":"https:\/\/ens34-sfe.infd.edu.ar\/sitio\/planes-de-estudios\/","title":{"rendered":"INSCRIPCIONES 2026"},"content":{"rendered":"<p><strong>INSCRIPCI\u00d3N NIVEL TERCIARIO<\/strong><\/p>\n<p><strong>CICLO LECTIVO 2026<\/strong><\/p>\n<p><strong>PROFESORADO DE EDUCACI\u00d3N INICIAL \u2013 <a href=\"https:\/\/drive.google.com\/file\/d\/1xaq6LoP3U3Oyo7pCVYal5Iuq8J0d69jo\/view\">PLAN 529\/09<\/a><\/strong><\/p>\n<p><strong>PROFESORADO DE EDUCACI\u00d3N PRIMARIA \u2013 <a href=\"https:\/\/drive.google.com\/file\/d\/12RyJ3gaIRfuybgt7zbCJkfTZ8KIkLy2a\/view\">PLAN 528\/09<\/a><\/strong><\/p>\n<p>Ambas carreras tienen una duraci\u00f3n de <strong>4 a\u00f1os<\/strong>. Las clases se desarrollan tanto en turno ma\u00f1ana como en turno tarde en los siguientes horarios: <strong>Turno ma\u00f1ana: de 7.30 a 13 o Turno Tarde: de 13.15 a 19<\/strong>. El espacio curricular: <strong>Itinerario por el Mundo de la Cultura se desarrolla FUERA DEL HORARIO DE CURSADO<\/strong> presencial y los <strong>Trayectos de la Pr\u00e1ctica: conllevan obligaciones en contra turno<\/strong> desde 1er. A\u00f1o.<\/p>\n<p><u>INFORMACI\u00d3N IMPORTANTE SOBRE LA INSCRIPCI\u00d3N<\/u>:<\/p>\n<p><strong>FECHA DE INSCRIPCI\u00d3N:<\/strong> 25\/11\/2025 al 15\/12\/2025 (primera convocatoria)<\/p>\n<p><strong>FECHA<\/strong> <strong>DE INSCRIPCI\u00d3N:<\/strong> Lunes 23\/02\/2026 &#8211; Mi\u00e9rcoles 25\/02\/2026 &#8211; Viernes 27\/02\/2026 (segunda convocatoria)<\/p>\n<p><strong>HORARIO:<\/strong> Horario 10 a 14 (presencial)<\/p>\n<p>Las vacantes para el turno ma\u00f1ana ser\u00e1n asignados por SORTEO debido a la limitaci\u00f3n de cupos.<\/p>\n<p>Quienes no salgan sorteados quedar\u00e1n en lista de espera sin elecci\u00f3n de turno.<\/p>\n<p>Las vacantes para el turno tarde se asignan de forma inmediata al presentar la documentaci\u00f3n COMPLETA. De haber excedente de inscriptos se proceder\u00e1 a un sorteo de aspirantes en el cual se definir\u00e1 el ingreso para el turno tarde.<\/p>\n<p><strong>DOCUMENTACI\u00d3N A PRESENTAR:<\/strong><\/p>\n<p>1- Formulario de Inscripci\u00f3n Turno Tarde o Formulario de Pre inscripci\u00f3n Turno Ma\u00f1ana (Se adquiere en Cooperadora junto al Legajo). Costo: $2.000<\/p>\n<p>2- Fotocopia del frente y dorso del DNI<\/p>\n<p>3- Fotocopia autenticada del t\u00edtulo secundario o constancia de t\u00edtulo en tr\u00e1mite o constancia de alumna\/o regular si adeuda materias.<\/p>\n<p>4- Fotocopia de la Partida de Nacimiento (s\u00f3lo si naci\u00f3 fuera de la provincia de Santa Fe se requiere que est\u00e9 legalizada por Tribunales)<\/p>\n<p>5- Certificado m\u00e9dico, de buena salud<\/p>\n<p>6- Certificado de aptitud psicol\u00f3gica. Plazo de presentaci\u00f3n 30.04.2026<\/p>\n<p>7- Certificado fonoaudiol\u00f3gico Plazo de presentaci\u00f3n 30.04.2026<\/p>\n<p>8- Certificado de discapacidad (en el caso que tuviere)<\/p>\n<p>9- Comprobante de Contribuci\u00f3n a Cooperadora.<\/p>\n<p>10- 2 fotos 4&#215;4 actualizadas. En el momento de la inscripci\u00f3n se pedir\u00e1 una (para su legajo) y la otra en para la libreta escolar.<\/p>\n<p><strong>SORTEO:<\/strong><\/p>\n<p>El sorteo se realizar\u00e1 en fecha a confirmar (diciembre 2025).<\/p>\n<p>Los favorecidos en el sorteo completar\u00e1n la solicitud de Inscripci\u00f3n (Se adquiere en Cooperadora junto al Legajo Costo: $2.000) y se les otorgar\u00e1 la divisi\u00f3n para el cursado.<\/p>\n<p>Los aspirantes no sorteados integrar\u00e1n una lista de espera, sin elecci\u00f3n de turno. Quienes no hayan sido sorteados y soliciten su documentaci\u00f3n, se les devolver\u00e1.<\/p>\n<p>Los <strong>resultados del sorteo<\/strong> ser\u00e1n publicados en el Blog:\u00a0<a href=\"http:\/\/www.terciarionormal1rosario.blogspot.com.ar\/\">http:\/\/www.terciarionormal1rosario.blogspot.com.ar<\/a><\/p>\n","protected":false},"excerpt":{"rendered":"<p>INSCRIPCI\u00d3N NIVEL TERCIARIO CICLO LECTIVO 2026 PROFESORADO DE EDUCACI\u00d3N INICIAL \u2013 PLAN 529\/09 PROFESORADO DE EDUCACI\u00d3N PRIMARIA \u2013 PLAN 528\/09 Ambas carreras tienen una duraci\u00f3n de 4 a\u00f1os. Las clases se desarrollan tanto en turno ma\u00f1ana como en turno tarde en los siguientes horarios: Turno ma\u00f1ana: de 7.30 a 13 o Turno Tarde: de 13.15 &#8230; <a title=\"INSCRIPCIONES 2026\" class=\"read-more\" href=\"https:\/\/ens34-sfe.infd.edu.ar\/sitio\/planes-de-estudios\/\" aria-label=\"More on INSCRIPCIONES 2026\">[+]<\/a><\/p>\n","protected":false},"author":74,"featured_media":0,"parent":0,"menu_order":0,"comment_status":"closed","ping_status":"closed","template":"","meta":[],"acf":[],"_links":{"self":[{"href":"https:\/\/ens34-sfe.infd.edu.ar\/sitio\/wp-json\/wp\/v2\/pages\/1353"}],"collection":[{"href":"https:\/\/ens34-sfe.infd.edu.ar\/sitio\/wp-json\/wp\/v2\/pages"}],"about":[{"href":"https:\/\/ens34-sfe.infd.edu.ar\/sitio\/wp-json\/wp\/v2\/types\/page"}],"author":[{"embeddable":true,"href":"https:\/\/ens34-sfe.infd.edu.ar\/sitio\/wp-json\/wp\/v2\/users\/74"}],"replies":[{"embeddable":true,"href":"https:\/\/ens34-sfe.infd.edu.ar\/sitio\/wp-json\/wp\/v2\/comments?post=1353"}],"version-history":[{"count":17,"href":"https:\/\/ens34-sfe.infd.edu.ar\/sitio\/wp-json\/wp\/v2\/pages\/1353\/revisions"}],"predecessor-version":[{"id":1541,"href":"https:\/\/ens34-sfe.infd.edu.ar\/sitio\/wp-json\/wp\/v2\/pages\/1353\/revisions\/1541"}],"wp:attachment":[{"href":"https:\/\/ens34-sfe.infd.edu.ar\/sitio\/wp-json\/wp\/v2\/media?parent=1353"}],"curies":[{"name":"wp","href":"https:\/\/api.w.org\/{rel}","templated":true}]}}